{"id":117,"date":"2015-02-19T10:23:33","date_gmt":"2015-02-19T10:23:33","guid":{"rendered":"http:\/\/www.ff-kolkwitz.de\/?page_id=117"},"modified":"2015-02-19T10:24:03","modified_gmt":"2015-02-19T10:24:03","slug":"der-richtige-notruf","status":"publish","type":"page","link":"https:\/\/www.ff-kolkwitz.de\/?page_id=117","title":{"rendered":"Der richtige Notruf"},"content":{"rendered":"<p>Jeder kann jederzeit in eine Notsituation geraten, sei es als Beteiliger, oder als Zeuge. Deshalb ist es nie verkehrt, sich mit dem richtigen Notruf vertraut zu machen, bevor Sie ihn wirklich brauchen. Denn <a href=\"http:\/\/www.gesetze-im-internet.de\/stgb\/__323c.html\" target=\"_blank\">Sie sind gesetzlich verpflichtet zu helfen!<\/a><\/p>\n<p>Notsituationen gibt es viele: Ein Brand, ein Verkehrsunfall oder der Nachbar bricht pl\u00f6tzlich auf der Stra\u00dfe zusammen. Im Ernstfall z\u00e4hlt jede Sekunde. Trotzdem &#8211; oder gerade deshalb &#8211; ist es wichtig, Ruhe zu bewahren. Damit wir schnell am Einsatzort ankommen, sind wir auf Ihre Informationen angewiesen.<\/p>\n<p><strong>Die Notrufnummer 112 ist europaweit g\u00fcltig, aus jedem Netz ohne Vorwahl erreichbar und kostenlos<\/strong><\/p>\n<p>Bei uns im Bereich landen Sie in der Leitstelle Lausitz, wo speziell geschulte Disponenten Ihren Notruf entgegen nehmen. Sie k\u00f6nnen Ihnen die Arbeit erleichtern mit einer der sogenannten <strong>5-W Regel<\/strong>:<\/p>\n<p><span style=\"text-decoration: underline;\"><strong>Wo ist es passiert?<\/strong> <\/span><br \/>\nDie Leitstelle Lausitz ist f\u00fcr einen Bereich zwischen Forst, Falkenberg, Ortrand und K\u00f6nigs Wusterhausen zust\u00e4ndig. F\u00fcr den Disponenten ist es unm\u00f6glich, im kompletten Bereich ortskundig zu sein. Dazu kommen doppelte Ortsnamen. So gibt es z.B. ein Kunersdorf bei Kolkwitz und eins bei Drebkau. Damit die richtige Feuerwehr rausf\u00e4hrt sind genaue Orts- und Stra\u00dfenangaben wichtig. Diese Frage steht ganz vorne, weil das Gespr\u00e4ch jederzeit unterbrochen werden kann. Dann wissen wir zumindest, dass an diesem Ort irgendetwas passiert ist und k\u00f6nnen gucken fahren.<\/p>\n<p><span style=\"text-decoration: underline;\"><strong>Was ist passiert?<\/strong> <\/span><br \/>\nDie Feuerwehr kann zwar von der \u00d6lspur bis zum Gro\u00dfbrand fast alle Eins\u00e4tze abdecken, aber damit wir die richtigen Kr\u00e4fte und Fahrzeuge alarmieren m\u00fcssen wir vorher wissen, was uns erwartet. F\u00fcr einen brennenden M\u00fclleimer muss z.B. nur ein Fahrzeug ausr\u00fccken. Stellt sich das gemeldete kleine Feuerchen vor Ort als Gro\u00dfbrand heraus m\u00fcssen Kr\u00e4fte nachalarmiert werden &#8211; kostbare Zeit geht verloren.<\/p>\n<p><span style=\"text-decoration: underline;\"><strong>Wie viele Verletzte\/betroffene Personen sind es? bzw. Welche Verletzungen haben sie?<\/strong><\/span><br \/>\nIst ein PKW verungl\u00fcckt oder ein Bus? Brennt eine Schule oder ein Wochenendbungalow? Ist der Patient noch bei Bewustsein? Hat er erkennbare Wunden? Wenn die Leitstelle dies bereits beim Notruf erf\u00e4hrt, kann sie zielgerecht alarmieren.<\/p>\n<p><strong><span style=\"text-decoration: underline;\">Wer ruft an?<\/span> <\/strong><br \/>\nSie sind unsere Kontaktperson vor Ort. So k\u00f6nnen wir Sie z.B. zur\u00fcckrufen, wenn wir Hilfe brauchen, die genaue Stelle des Waldbrandes zu finden. Die Leitstelle kann Sie z.B. bitten, sich f\u00fcr die anr\u00fcckenden Einsatzkr\u00e4fte bemerkbar zu machen. Sie k\u00f6nnen auch ein n\u00fctzlicher Ansprechpartner f\u00fcr den Einsatzleiter vor Ort sein. Beispielsweise, wenn sie das brennende Objekt gut kennen und wissen, wo welche R\u00e4ume sind. Sie sehen schon, es gibt immer Raum f\u00fcr R\u00fcckfragen<\/p>\n<p><span style=\"text-decoration: underline;\"><strong>Warten auf R\u00fcckfragen<\/strong><\/span><br \/>\nBitte nicht sofort auflegen. Denn selbst wenn Sie bis jetzt alle W-Fragen bedacht haben, k\u00f6nnte der Disponent immer noch eine wichtige Frage haben. Vielleicht ist ihnen in der Hektik auch was durchgerutscht, schlie\u00dflich ger\u00e4t man ja nicht jeden Tag in die Situation, den Notruf w\u00e4hlen zu m\u00fcssen. Der Disponent\/die Diskponentin wird Ihnen mitteilen, wenn alle Informationen beisammen sein und das Gespr\u00e4ch beendet werden kann<\/p>\n<p>Nach dem Notruf aber bitte nicht wegrennen. Sie k\u00f6nnen vor Ort sehr n\u00fctzlich sein, z.B. Verletzte versorgen, die Einsatzstelle f\u00fcr die Feuerwehr freihalten oder &#8211; wie oben geschrieben &#8211; die anr\u00fcckenden Kr\u00e4fte einweisen.<\/p>\n<p>Das jetzt erlernte wissen sollten Sie allerdings wirklich nur im Notfall in die Praxis umsetzen. <a href=\"http:\/\/dejure.org\/gesetze\/StGB\/145.html\" target=\"_blank\">Der Mi\u00dfbrauch der Notrufnummer ist strafbar!<\/a><\/p>\n","protected":false},"excerpt":{"rendered":"<p>Jeder kann jederzeit in eine Notsituation geraten, sei es als Beteiliger, oder als Zeuge. Deshalb [&hellip;]<\/p>\n","protected":false},"author":1,"featured_media":0,"parent":115,"menu_order":0,"comment_status":"closed","ping_status":"open","template":"","meta":{"_mc_calendar":[],"footnotes":""},"class_list":["post-117","page","type-page","status-publish","hentry"],"_links":{"self":[{"href":"https:\/\/www.ff-kolkwitz.de\/index.php?rest_route=\/wp\/v2\/pages\/117","targetHints":{"allow":["GET"]}}],"collection":[{"href":"https:\/\/www.ff-kolkwitz.de\/index.php?rest_route=\/wp\/v2\/pages"}],"about":[{"href":"https:\/\/www.ff-kolkwitz.de\/index.php?rest_route=\/wp\/v2\/types\/page"}],"author":[{"embeddable":true,"href":"https:\/\/www.ff-kolkwitz.de\/index.php?rest_route=\/wp\/v2\/users\/1"}],"replies":[{"embeddable":true,"href":"https:\/\/www.ff-kolkwitz.de\/index.php?rest_route=%2Fwp%2Fv2%2Fcomments&post=117"}],"version-history":[{"count":1,"href":"https:\/\/www.ff-kolkwitz.de\/index.php?rest_route=\/wp\/v2\/pages\/117\/revisions"}],"predecessor-version":[{"id":118,"href":"https:\/\/www.ff-kolkwitz.de\/index.php?rest_route=\/wp\/v2\/pages\/117\/revisions\/118"}],"up":[{"embeddable":true,"href":"https:\/\/www.ff-kolkwitz.de\/index.php?rest_route=\/wp\/v2\/pages\/115"}],"wp:attachment":[{"href":"https:\/\/www.ff-kolkwitz.de\/index.php?rest_route=%2Fwp%2Fv2%2Fmedia&parent=117"}],"curies":[{"name":"wp","href":"https:\/\/api.w.org\/{rel}","templated":true}]}}