{"id":169,"date":"2015-02-23T10:17:08","date_gmt":"2015-02-23T10:17:08","guid":{"rendered":"http:\/\/www.ff-kolkwitz.de\/?page_id=169"},"modified":"2015-02-23T10:24:58","modified_gmt":"2015-02-23T10:24:58","slug":"schornsteinbrand","status":"publish","type":"page","link":"https:\/\/www.ff-kolkwitz.de\/?page_id=169","title":{"rendered":"Schornsteinbrand"},"content":{"rendered":"<p>Steigende Heiz\u00f6lpreise f\u00fchren dazu, dass Kamine und Holz\u00f6fen wieder einen neuen Boom erleben. Durch falsches Feuern kann allerdings ein Schornsteinbrand entstehen.<\/p>\n<p><strong>Wie entsteht ein Schornsteinbrand?<\/strong><\/p>\n<p>Holz und Kohle ru\u00dfen beim Verbrennen deutlich st\u00e4rker als \u00d6l oder Gas. Durch falsches Heizen, falsch dimensionierte Kamine kann sich an den Kaminw\u00e4nden der sogenannte Glanzru\u00df absetzen. kann sich an den Kaminw\u00e4nden der sogenannte Glanzru\u00df absetzen. Geraten nur Flammen aus dem Ofen in den Schornstein, kann sich dieser Glanzru\u00df entz\u00fcnden. Das kann mehrere Ursachen haben:<\/p>\n<ul>\n<li>Starker Wind saugt die Flammen in den Kamin<\/li>\n<li>Ungeignetes Brennmaterial wie Kunststoff oder behandeltes Holz wird verfeuert<\/li>\n<li>Es wird zu viel Holz oder Kohle verfeuert<\/li>\n<li>Bestimmte Holzarten (vor allem Nadelholz) schlagen l\u00e4ngere Flammen als andere<\/li>\n<li>Beim Nachfeuern wird die Zul\u00f6ft\u00f6ffnung zu lange auf gelassen, der Rauch dadurch zu hei\u00df<\/li>\n<\/ul>\n<p>Ger\u00e4t der abgelagerte Glanzru\u00df in Brand dehnt er sich immer st\u00e4rker aus und kann im Extremfall den Schornstein verstopfen. Das bedeutet, Rauch und Feuer k\u00f6nnen nicht mehr abziehen und suchen sich einen anderen Weg, zum Beispiel durch den Ofen oder vorhandene Anschl\u00fcsse.<\/p>\n<p><strong>Woran erkenne ich einen Schornsteinbrand?<\/strong><\/p>\n<p>Von innen ist der Schornsteinbrand zun\u00e4chst kaum zu bemerken. Sollte der Kamin deutlich hei\u00dfer werden als gew\u00f6hnlich, ist das ein erstes Warnzeichen. Von au\u00dfen ist ein Schornsteinbrand besser zu erkennen:<\/p>\n<ul>\n<li>Der Rauch ist dichter und dunkler als gew\u00f6hnlich<\/li>\n<li>Funken fliegen aus dem Schornstein<\/li>\n<li>Flammen schlagen aus dem Schornstein<\/li>\n<\/ul>\n<p>Durch die fliegenden Funken k\u00f6nnen auch andere Geb\u00e4ude Feuer fangen. Deshalb ist Eile geboten<\/p>\n<p>&nbsp;<\/p>\n<p><strong>Was tun bei Schornsteinbrand?<\/strong><\/p>\n<ul>\n<li>Als Allererstes: Ruhe bewahren.<\/li>\n<li>Notruf <span style=\"color: #ff0000;\">112<\/span> w\u00e4hlen und Feuerwehr alarmieren<\/li>\n<li><span style=\"color: #ff0000;\">Nicht versuchen, selber zu l\u00f6schen!<\/span><\/li>\n<\/ul>\n<p>L\u00f6schversuche w\u00fcrden mehr Schaden verursachen als verhindern. Bei einem Schornsteinbrand entstehen Temperaturen von weit \u00fcber 1000 Grad. W\u00fcrde man versuchen, mit Wasser zu l\u00f6schen, w\u00fcrde dieses Schlagartig verdampfen. <span style=\"color: #ff0000;\">Ein Liter Wasser ergibt 1700 Liter Wasserdampf -&gt; der Kamin w\u00fcrde zerbersten<\/span><\/p>\n<p>Die Feuerwehr wird \u2013 gemeinsam mit den hinzugerufenen Schornsteinfeger \u2013 den Ru\u00df konzentriert abbrennen lassen. Dabei kontrollieren wir st\u00e4ndig den kompletten Kamin, ob er zum Beispiel undicht wird oder aus ungen\u00fctzten Abdeckungen Rauch austritt. Ausserdem m\u00fcssen wir ausschlie\u00dfen, dass der hei\u00dfe Schornstein Decken, B\u00f6den oder Mobiliar entz\u00fcndet. In einem Mehrfamilienhaus brauchen wir deshalb Zutritt zu s\u00e4mtlichen Wohnungen, durch die der Schornstein f\u00fchrt.<\/p>\n<p>Gleichzeitig sto\u00dfen wir oder der Schornsteinfeger mit Kehrwerkzeug immer wieder in den Schornstein um zu verhindern, dass er sich zusetzt.<\/p>\n<p>Unser Augenmerk liegt dabei auch auf umliegenden Geb\u00e4uden, die durch den Funkenflug in Brand geraten k\u00f6nnten.<\/p>\n<p>Moderne und regelm\u00e4\u00dfig gewartete Anlagen \u00fcberstehen einen Schornsteinbrand in der Regel relativ unbeschadet.<\/p>\n<p>&nbsp;<\/p>\n<p><strong>Wie kann ich einen Schornsteinbrand verhindern?<\/strong><\/p>\n<p>Komplett verhindern l\u00e4sst er sich wohl nie, aber sie k\u00f6nnen vorbeugen:<\/p>\n<ul>\n<li>Lassen Sie ihre Anlage vom zust\u00e4ndigen Schornsteinfeger regelm\u00e4\u00dfig reinigen und kontrollieren<\/li>\n<li>Verwenden Sie nur geeignetes Brennmaterial: Unbehandeltes Holz oder Kohle<\/li>\n<li>Verwenden Sie nur trockene Brennstoffe mit einer Restfeuchte von maximal 20%<\/li>\n<li>Stapeln Sie nicht zu viel Brennmaterial in den Ofen<\/li>\n<li>Sorgen Sie f\u00fcr ausreichend Luftzufuhr<\/li>\n<\/ul>\n<p><strong>Weiterf\u00fchrende Informationen:<\/strong><\/p>\n<ul>\n<li><a href=\"http:\/\/de.wikipedia.org\/wiki\/Schornsteinbrandhttp:\/\/\" target=\"_blank\">Artikel bei Wikipedia<\/a><\/li>\n<li><a href=\"http:\/\/www.schornsteinfegermeister.de\/schornsteinfeger-informationen\/schornsteinbrand-was-nun.html\" target=\"_blank\">Erkl\u00e4rung vom Schornsteinfegermeister mit Tipps zum richtigen Heizen<\/a><\/li>\n<\/ul>\n","protected":false},"excerpt":{"rendered":"<p>Steigende Heiz\u00f6lpreise f\u00fchren dazu, dass Kamine und Holz\u00f6fen wieder einen neuen Boom erleben. Durch falsches [&hellip;]<\/p>\n","protected":false},"author":1,"featured_media":0,"parent":115,"menu_order":3,"comment_status":"closed","ping_status":"open","template":"","meta":{"_mc_calendar":[],"footnotes":""},"class_list":["post-169","page","type-page","status-publish","hentry"],"_links":{"self":[{"href":"https:\/\/www.ff-kolkwitz.de\/index.php?rest_route=\/wp\/v2\/pages\/169","targetHints":{"allow":["GET"]}}],"collection":[{"href":"https:\/\/www.ff-kolkwitz.de\/index.php?rest_route=\/wp\/v2\/pages"}],"about":[{"href":"https:\/\/www.ff-kolkwitz.de\/index.php?rest_route=\/wp\/v2\/types\/page"}],"author":[{"embeddable":true,"href":"https:\/\/www.ff-kolkwitz.de\/index.php?rest_route=\/wp\/v2\/users\/1"}],"replies":[{"embeddable":true,"href":"https:\/\/www.ff-kolkwitz.de\/index.php?rest_route=%2Fwp%2Fv2%2Fcomments&post=169"}],"version-history":[{"count":5,"href":"https:\/\/www.ff-kolkwitz.de\/index.php?rest_route=\/wp\/v2\/pages\/169\/revisions"}],"predecessor-version":[{"id":174,"href":"https:\/\/www.ff-kolkwitz.de\/index.php?rest_route=\/wp\/v2\/pages\/169\/revisions\/174"}],"up":[{"embeddable":true,"href":"https:\/\/www.ff-kolkwitz.de\/index.php?rest_route=\/wp\/v2\/pages\/115"}],"wp:attachment":[{"href":"https:\/\/www.ff-kolkwitz.de\/index.php?rest_route=%2Fwp%2Fv2%2Fmedia&parent=169"}],"curies":[{"name":"wp","href":"https:\/\/api.w.org\/{rel}","templated":true}]}}