{"id":1981,"date":"2018-04-19T21:17:34","date_gmt":"2018-04-19T19:17:34","guid":{"rendered":"http:\/\/www.ff-kolkwitz.de\/?page_id=1981"},"modified":"2019-07-15T16:08:39","modified_gmt":"2019-07-15T14:08:39","slug":"elw","status":"publish","type":"page","link":"https:\/\/www.ff-kolkwitz.de\/?page_id=1981","title":{"rendered":"ELW"},"content":{"rendered":"<div id='gallery-1' class='gallery galleryid-1981 gallery-columns-3 gallery-size-thumbnail'><figure class='gallery-item'>\n\t\t\t<div class='gallery-icon landscape'>\n\t\t\t\t<a href='https:\/\/www.ff-kolkwitz.de\/wp-content\/uploads\/2019\/05\/ELW.jpg' rel=\"lightbox[1981]\"><img loading=\"lazy\" decoding=\"async\" width=\"250\" height=\"141\" src=\"https:\/\/www.ff-kolkwitz.de\/wp-content\/uploads\/2019\/05\/ELW-250x141.jpg\" class=\"attachment-thumbnail size-thumbnail\" alt=\"\" aria-describedby=\"gallery-1-2467\" srcset=\"https:\/\/www.ff-kolkwitz.de\/wp-content\/uploads\/2019\/05\/ELW-250x141.jpg 250w, https:\/\/www.ff-kolkwitz.de\/wp-content\/uploads\/2019\/05\/ELW-850x478.jpg 850w, https:\/\/www.ff-kolkwitz.de\/wp-content\/uploads\/2019\/05\/ELW-768x432.jpg 768w, https:\/\/www.ff-kolkwitz.de\/wp-content\/uploads\/2019\/05\/ELW-1200x675.jpg 1200w, https:\/\/www.ff-kolkwitz.de\/wp-content\/uploads\/2019\/05\/ELW.jpg 1224w\" sizes=\"auto, (max-width: 250px) 100vw, 250px\" \/><\/a>\n\t\t\t<\/div>\n\t\t\t\t<figcaption class='wp-caption-text gallery-caption' id='gallery-1-2467'>\n\t\t\t\tEinsatzleitwagen\n\t\t\t\t<\/figcaption><\/figure><figure class='gallery-item'>\n\t\t\t<div class='gallery-icon landscape'>\n\t\t\t\t<a href='https:\/\/www.ff-kolkwitz.de\/wp-content\/uploads\/2019\/07\/ELW02.jpg' rel=\"lightbox[1981]\"><img loading=\"lazy\" decoding=\"async\" width=\"250\" height=\"141\" src=\"https:\/\/www.ff-kolkwitz.de\/wp-content\/uploads\/2019\/07\/ELW02-250x141.jpg\" class=\"attachment-thumbnail size-thumbnail\" alt=\"\" srcset=\"https:\/\/www.ff-kolkwitz.de\/wp-content\/uploads\/2019\/07\/ELW02-250x141.jpg 250w, https:\/\/www.ff-kolkwitz.de\/wp-content\/uploads\/2019\/07\/ELW02-850x478.jpg 850w, https:\/\/www.ff-kolkwitz.de\/wp-content\/uploads\/2019\/07\/ELW02-1200x675.jpg 1200w\" sizes=\"auto, (max-width: 250px) 100vw, 250px\" \/><\/a>\n\t\t\t<\/div><\/figure><figure class='gallery-item'>\n\t\t\t<div class='gallery-icon landscape'>\n\t\t\t\t<a href='https:\/\/www.ff-kolkwitz.de\/wp-content\/uploads\/2019\/07\/ELW03.jpg' rel=\"lightbox[1981]\"><img loading=\"lazy\" decoding=\"async\" width=\"250\" height=\"141\" src=\"https:\/\/www.ff-kolkwitz.de\/wp-content\/uploads\/2019\/07\/ELW03-250x141.jpg\" class=\"attachment-thumbnail size-thumbnail\" alt=\"\" srcset=\"https:\/\/www.ff-kolkwitz.de\/wp-content\/uploads\/2019\/07\/ELW03-250x141.jpg 250w, https:\/\/www.ff-kolkwitz.de\/wp-content\/uploads\/2019\/07\/ELW03-850x478.jpg 850w, https:\/\/www.ff-kolkwitz.de\/wp-content\/uploads\/2019\/07\/ELW03-1200x675.jpg 1200w\" sizes=\"auto, (max-width: 250px) 100vw, 250px\" \/><\/a>\n\t\t\t<\/div><\/figure><figure class='gallery-item'>\n\t\t\t<div class='gallery-icon landscape'>\n\t\t\t\t<a href='https:\/\/www.ff-kolkwitz.de\/wp-content\/uploads\/2017\/10\/Xavier_ELW.jpg' rel=\"lightbox[1981]\"><img loading=\"lazy\" decoding=\"async\" width=\"250\" height=\"141\" src=\"https:\/\/www.ff-kolkwitz.de\/wp-content\/uploads\/2017\/10\/Xavier_ELW-250x141.jpg\" class=\"attachment-thumbnail size-thumbnail\" alt=\"\" srcset=\"https:\/\/www.ff-kolkwitz.de\/wp-content\/uploads\/2017\/10\/Xavier_ELW-250x141.jpg 250w, https:\/\/www.ff-kolkwitz.de\/wp-content\/uploads\/2017\/10\/Xavier_ELW-850x478.jpg 850w, https:\/\/www.ff-kolkwitz.de\/wp-content\/uploads\/2017\/10\/Xavier_ELW-768x432.jpg 768w, https:\/\/www.ff-kolkwitz.de\/wp-content\/uploads\/2017\/10\/Xavier_ELW-1200x675.jpg 1200w, https:\/\/www.ff-kolkwitz.de\/wp-content\/uploads\/2017\/10\/Xavier_ELW.jpg 2048w\" sizes=\"auto, (max-width: 250px) 100vw, 250px\" \/><\/a>\n\t\t\t<\/div><\/figure>\n\t\t<\/div>\n\n<table>\n<tbody>\n<tr>\n<td colspan=\"2\"><strong> Der in der DIN 14507 Teil 2 genormte <i>Einsatzleitwagen 1<\/i> (ELW 1) ist das Standard-F\u00fchrungsfahrzeug vieler Feuerwehren.<\/strong><\/p>\n<p><strong>Es dient als Vorrausfahrzeug f\u00fcr den diensthabenden Vertreter der Gemeindewehrf\u00fchrung. Vom Fahrzeug aus k\u00f6nnen Eins\u00e4tze koordiniert werden.<\/strong><\/td>\n<\/tr>\n<tr>\n<td><strong>Funkrufname:<\/strong><\/td>\n<td><strong>Florian Spree-Nei\u00dfe 03\/11\/01<\/strong><\/td>\n<\/tr>\n<tr>\n<td><strong>Baujahr:<\/strong><\/td>\n<td><strong>2005<\/strong><\/td>\n<\/tr>\n<tr>\n<td><strong>Fahrgestell:<\/strong><\/td>\n<td><strong>Mercedes Benz<br \/>\n<\/strong><\/td>\n<\/tr>\n<tr>\n<td><strong>Besatzung:<\/strong><\/td>\n<td><strong>1\/1\/1<\/strong><\/td>\n<\/tr>\n<tr>\n<td><strong>Ausr\u00fcstung:<\/strong><\/td>\n<td>\n<ul>\n<li><strong>Arbeitsplatz mit mehreren Funkger\u00e4ten<\/strong><\/li>\n<li><strong>Atemschutzausr\u00fcstung<\/strong><\/li>\n<li><strong>Verkehrssicherung<\/strong><\/li>\n<li><strong>Faltpavillon<\/strong><\/li>\n<li><strong>Einfaches Sperrwerkzeug<\/strong><\/li>\n<li><strong>Gasmessger\u00e4t<\/strong><\/li>\n<\/ul>\n<\/td>\n<\/tr>\n<\/tbody>\n<\/table>\n","protected":false},"excerpt":{"rendered":"<p>Der in der DIN 14507 Teil 2 genormte Einsatzleitwagen 1 (ELW 1) ist das Standard-F\u00fchrungsfahrzeug [&hellip;]<\/p>\n","protected":false},"author":1,"featured_media":0,"parent":13,"menu_order":6,"comment_status":"closed","ping_status":"closed","template":"","meta":{"_mc_calendar":[],"footnotes":""},"class_list":["post-1981","page","type-page","status-publish","hentry"],"_links":{"self":[{"href":"https:\/\/www.ff-kolkwitz.de\/index.php?rest_route=\/wp\/v2\/pages\/1981","targetHints":{"allow":["GET"]}}],"collection":[{"href":"https:\/\/www.ff-kolkwitz.de\/index.php?rest_route=\/wp\/v2\/pages"}],"about":[{"href":"https:\/\/www.ff-kolkwitz.de\/index.php?rest_route=\/wp\/v2\/types\/page"}],"author":[{"embeddable":true,"href":"https:\/\/www.ff-kolkwitz.de\/index.php?rest_route=\/wp\/v2\/users\/1"}],"replies":[{"embeddable":true,"href":"https:\/\/www.ff-kolkwitz.de\/index.php?rest_route=%2Fwp%2Fv2%2Fcomments&post=1981"}],"version-history":[{"count":11,"href":"https:\/\/www.ff-kolkwitz.de\/index.php?rest_route=\/wp\/v2\/pages\/1981\/revisions"}],"predecessor-version":[{"id":2694,"href":"https:\/\/www.ff-kolkwitz.de\/index.php?rest_route=\/wp\/v2\/pages\/1981\/revisions\/2694"}],"up":[{"embeddable":true,"href":"https:\/\/www.ff-kolkwitz.de\/index.php?rest_route=\/wp\/v2\/pages\/13"}],"wp:attachment":[{"href":"https:\/\/www.ff-kolkwitz.de\/index.php?rest_route=%2Fwp%2Fv2%2Fmedia&parent=1981"}],"curies":[{"name":"wp","href":"https:\/\/api.w.org\/{rel}","templated":true}]}}