{"id":2854,"date":"2019-10-18T17:23:56","date_gmt":"2019-10-18T15:23:56","guid":{"rendered":"https:\/\/www.ff-kolkwitz.de\/?page_id=2854"},"modified":"2022-01-02T16:17:21","modified_gmt":"2022-01-02T14:17:21","slug":"unterstuetzung","status":"publish","type":"page","link":"https:\/\/www.ff-kolkwitz.de\/?page_id=2854","title":{"rendered":"Unterst\u00fctzer"},"content":{"rendered":"<p><strong>Wir danken allen unseren Unterst\u00fctzerinnen und Unterst\u00fctzern:<\/strong><\/p>\n<p>&nbsp;<\/p>\n<p><a href=\"https:\/\/www.bem-kolkwitz.de\" target=\"_blank\" rel=\"noopener\"><img loading=\"lazy\" decoding=\"async\" class=\"aligncenter size-full wp-image-3597\" src=\"https:\/\/www.ff-kolkwitz.de\/wp-content\/uploads\/2022\/01\/bem600.png\" alt=\"Logo Birne event media\" width=\"600\" height=\"300\" \/><\/a><a href=\"https:\/\/bestellung-zur-eisenbahn.de\/\" target=\"_blank\" rel=\"noopener noreferrer\"><img loading=\"lazy\" decoding=\"async\" class=\"aligncenter wp-image-3045\" src=\"https:\/\/www.ff-kolkwitz.de\/wp-content\/uploads\/2020\/05\/15-11-visis-gastst\u00e4tte-front.jpg\" alt=\"Logo Gastst\u00e4tte zur Eisenbahn\" width=\"600\" height=\"398\" srcset=\"https:\/\/www.ff-kolkwitz.de\/wp-content\/uploads\/2020\/05\/15-11-visis-gastst\u00e4tte-front.jpg 1051w, https:\/\/www.ff-kolkwitz.de\/wp-content\/uploads\/2020\/05\/15-11-visis-gastst\u00e4tte-front-768x509.jpg 768w, https:\/\/www.ff-kolkwitz.de\/wp-content\/uploads\/2020\/05\/15-11-visis-gastst\u00e4tte-front-600x397.jpg 600w\" sizes=\"auto, (max-width: 600px) 100vw, 600px\" \/><\/a><br \/>\n<a href=\"https:\/\/www.blume-bau.de\/\" target=\"_blank\" rel=\"noopener noreferrer\"><img loading=\"lazy\" decoding=\"async\" class=\"aligncenter wp-image-3047\" src=\"https:\/\/www.ff-kolkwitz.de\/wp-content\/uploads\/2020\/05\/logo-blume-bau-600.png\" alt=\"Logo Blume Bau\" width=\"600\" height=\"183\" \/><\/a><br \/>\n<a href=\"https:\/\/marcel-kascheike.devk.de\/\" target=\"_blank\" rel=\"noopener noreferrer\"><img loading=\"lazy\" decoding=\"async\" class=\"aligncenter wp-image-3049\" src=\"https:\/\/www.ff-kolkwitz.de\/wp-content\/uploads\/2020\/05\/threema-20190604-151830-1ff9f8738502836e-250x141.jpg\" alt=\"Logo Marcel Kascheike\" width=\"600\" height=\"326\" srcset=\"https:\/\/www.ff-kolkwitz.de\/wp-content\/uploads\/2020\/05\/threema-20190604-151830-1ff9f8738502836e-768x418.jpg 768w, https:\/\/www.ff-kolkwitz.de\/wp-content\/uploads\/2020\/05\/threema-20190604-151830-1ff9f8738502836e.jpg 1024w\" sizes=\"auto, (max-width: 600px) 100vw, 600px\" \/><\/a><br \/>\n<a href=\"https:\/\/www.bau-lehmann.de\/\" target=\"_blank\" rel=\"noopener noreferrer\"><img loading=\"lazy\" decoding=\"async\" class=\"aligncenter wp-image-3046\" src=\"https:\/\/www.ff-kolkwitz.de\/wp-content\/uploads\/2020\/05\/bau-lehmann_sponsor_grafik.jpg\" alt=\"\" width=\"300\" height=\"113\" srcset=\"https:\/\/www.ff-kolkwitz.de\/wp-content\/uploads\/2020\/05\/bau-lehmann_sponsor_grafik.jpg 2000w, https:\/\/www.ff-kolkwitz.de\/wp-content\/uploads\/2020\/05\/bau-lehmann_sponsor_grafik-768x289.jpg 768w, https:\/\/www.ff-kolkwitz.de\/wp-content\/uploads\/2020\/05\/bau-lehmann_sponsor_grafik-1536x578.jpg 1536w\" sizes=\"auto, (max-width: 300px) 100vw, 300px\" \/><\/a><br \/>\n<a href=\"https:\/\/www.lecher-daecher.de\/\" target=\"_blank\" rel=\"noopener noreferrer\"><img loading=\"lazy\" decoding=\"async\" class=\"aligncenter wp-image-3051\" src=\"https:\/\/www.ff-kolkwitz.de\/wp-content\/uploads\/2020\/05\/logo-Lecher-1.png\" alt=\"Logo Lecher\" width=\"300\" height=\"158\" \/><\/a><br \/>\n<a href=\"https:\/\/www.rainer-boehm.de\/\" target=\"_blank\" rel=\"noopener noreferrer\"><img loading=\"lazy\" decoding=\"async\" class=\"aligncenter wp-image-3050\" src=\"https:\/\/www.ff-kolkwitz.de\/wp-content\/uploads\/2020\/05\/Boehm-250x141.png\" alt=\"Tischlerei Rainer B\u00f6hm\" width=\"300\" height=\"175\" \/><\/a><\/p>\n<h3 style=\"padding-left: 40px;\">A+I Autoverwertung<\/h3>\n<h3 style=\"padding-left: 40px;\"><a href=\"https:\/\/www.ingbuero-prof-weber.de\/\" target=\"_blank\" rel=\"noopener noreferrer\">Ingenieurb\u00fcro f\u00fcr Geotechnik Prof. E. Weber GmbH<\/a><\/h3>\n<h3 style=\"padding-left: 40px;\"><a href=\"https:\/\/www.ib-prokon.de\/\" target=\"_blank\" rel=\"noopener noreferrer\">Ingenieurb\u00fcro Prokon<\/a><\/h3>\n<h3 style=\"padding-left: 40px;\"><a href=\"https:\/\/www.jet-tankstellen.de\/tankstellen\/kolkwitz\/berliner-str-115\/\" target=\"_blank\" rel=\"noopener noreferrer\">JET Tankstelle Elke Bennewitz<\/a><\/h3>\n<h3 style=\"padding-left: 40px;\"><a href=\"https:\/\/www.handrek.de\/uber-uns\" target=\"_blank\" rel=\"noopener noreferrer\">Metallbau Handrek<\/a><\/h3>\n<h3 style=\"padding-left: 40px;\"><a href=\"https:\/\/webshop.plaschna.de\/\" target=\"_blank\" rel=\"noopener noreferrer\">Plaschna&amp;Co Technischer Gro\u00dfhandel<\/a><\/h3>\n<h3 style=\"padding-left: 40px;\">Postagentur Tanja Schreiber<\/h3>\n<h3 style=\"padding-left: 40px;\">Praxis Dr. Jochen Rosenberger<\/h3>\n<h3 style=\"padding-left: 40px;\">Schlodder G\u00fcnter Ing.-B\u00fcro f. Arbeitsschutz u. Sicherheitstechnik<\/h3>\n<h3 style=\"padding-left: 40px;\"><a href=\"https:\/\/www.veltjens.de\/\" target=\"_blank\" rel=\"noopener noreferrer\">Veltjens GmbH \u2013 Autolackiererei, Beschriftung und Motorrad-Service<\/a><\/h3>\n<h3 style=\"padding-left: 40px;\"><a href=\"http:\/\/witmed.de\/\" target=\"_blank\" rel=\"noopener noreferrer\">WITMED GmbH &#8211; Medizintechnik und Arbeitssicherheit<\/a><\/h3>\n<h3 style=\"padding-left: 40px;\"><a href=\"https:\/\/www.zahnarztpraxis-kolkwitz.de\/about\/\" target=\"_blank\" rel=\"noopener noreferrer\">Zahnarztpraxis Dr. Katja Anetsmann<\/a><\/h3>\n<p>&nbsp;<\/p>\n<p>Sie wollen auch die Ortswehr Kolkwitz unterst\u00fctzen? Nehmen Sie doch einfach Kontakt mit uns auf<\/p>\n<p>Spenden k\u00f6nnen Sie an folgende Bankdaten<\/p>\n<p style=\"padding-left: 40px;\">Sparkasse Spree-Nei\u00dfe<br \/>\nKonto-Nr.: 3 208 008 022<br \/>\nBLZ: 180 500 00<br \/>\nIBAN: DE42180500003208008022<br \/>\nBetreff: FF Kolkwitz Ortswehr Kolkwitz<\/p>\n<p>Neben dieser Seite werden unsere SponsorInnen in angemessener Form auf Tafeln zu unseren Veranstaltungen pr\u00e4sentiert.<\/p>\n","protected":false},"excerpt":{"rendered":"<p>Wir danken allen unseren Unterst\u00fctzerinnen und Unterst\u00fctzern: &nbsp; A+I Autoverwertung Ingenieurb\u00fcro f\u00fcr Geotechnik Prof. E. [&hellip;]<\/p>\n","protected":false},"author":1,"featured_media":0,"parent":0,"menu_order":150,"comment_status":"closed","ping_status":"closed","template":"","meta":{"_mc_calendar":[],"footnotes":""},"class_list":["post-2854","page","type-page","status-publish","hentry"],"_links":{"self":[{"href":"https:\/\/www.ff-kolkwitz.de\/index.php?rest_route=\/wp\/v2\/pages\/2854","targetHints":{"allow":["GET"]}}],"collection":[{"href":"https:\/\/www.ff-kolkwitz.de\/index.php?rest_route=\/wp\/v2\/pages"}],"about":[{"href":"https:\/\/www.ff-kolkwitz.de\/index.php?rest_route=\/wp\/v2\/types\/page"}],"author":[{"embeddable":true,"href":"https:\/\/www.ff-kolkwitz.de\/index.php?rest_route=\/wp\/v2\/users\/1"}],"replies":[{"embeddable":true,"href":"https:\/\/www.ff-kolkwitz.de\/index.php?rest_route=%2Fwp%2Fv2%2Fcomments&post=2854"}],"version-history":[{"count":12,"href":"https:\/\/www.ff-kolkwitz.de\/index.php?rest_route=\/wp\/v2\/pages\/2854\/revisions"}],"predecessor-version":[{"id":3600,"href":"https:\/\/www.ff-kolkwitz.de\/index.php?rest_route=\/wp\/v2\/pages\/2854\/revisions\/3600"}],"wp:attachment":[{"href":"https:\/\/www.ff-kolkwitz.de\/index.php?rest_route=%2Fwp%2Fv2%2Fmedia&parent=2854"}],"curies":[{"name":"wp","href":"https:\/\/api.w.org\/{rel}","templated":true}]}}