{"id":3857,"date":"2022-03-27T21:15:49","date_gmt":"2022-03-27T19:15:49","guid":{"rendered":"https:\/\/www.ff-kolkwitz.de\/?page_id=3857"},"modified":"2022-03-27T21:17:44","modified_gmt":"2022-03-27T19:17:44","slug":"tlf-w-bb","status":"publish","type":"page","link":"https:\/\/www.ff-kolkwitz.de\/?page_id=3857","title":{"rendered":"TLF-W BB"},"content":{"rendered":"<p>Tankl\u00f6schfahrzeug Modell &#8220;Brandenburg&#8221; speziell zur Waldbrandbek\u00e4mpung. Baujahr 2021, Indienststellung 25.3.2022<\/p>\n<p><strong>Funkrufname:<\/strong><\/p>\n<ul>\n<li>Florian Spree-Nei\u00dfe 03\/24-03<\/li>\n<\/ul>\n<p><strong>Fahrgestell: <\/strong><\/p>\n<ul class=\"bb-list-ul\">\n<li>Tatra Force 815-7 4&#215;4<\/li>\n<li>zul\u00e4ssige Gesamtmasse 18.000 kg<\/li>\n<li>Besatzung 1\/2<\/li>\n<li>Reifendruckregelanlage<\/li>\n<li>vor Hitze gesch\u00fctzte Leitungen (u. a. f\u00fcr Elektrik, Kraftstoff)<\/li>\n<li>h\u00f6henverstellbares Fahrwerk<\/li>\n<li>Selbstbergungswinde<\/li>\n<\/ul>\n<p><strong>Ausstattungsdetails (Auszug):<\/strong><\/p>\n<ul class=\"bb-list-ul\">\n<li>4.800 l L\u00f6schwasser<\/li>\n<li>180 l Schaummittel Klasse A<\/li>\n<li>Druckzumischanlage<\/li>\n<li>manueller Dachwerfer<\/li>\n<li>elektrischer Frontwerfer<\/li>\n<\/ul>\n","protected":false},"excerpt":{"rendered":"<p>Tankl\u00f6schfahrzeug Modell &#8220;Brandenburg&#8221; speziell zur Waldbrandbek\u00e4mpung. Baujahr 2021, Indienststellung 25.3.2022 Funkrufname: Florian Spree-Nei\u00dfe 03\/24-03 Fahrgestell: [&hellip;]<\/p>\n","protected":false},"author":1,"featured_media":3681,"parent":13,"menu_order":2,"comment_status":"closed","ping_status":"closed","template":"","meta":{"_mc_calendar":[],"footnotes":""},"class_list":["post-3857","page","type-page","status-publish","has-post-thumbnail","hentry"],"_links":{"self":[{"href":"https:\/\/www.ff-kolkwitz.de\/index.php?rest_route=\/wp\/v2\/pages\/3857","targetHints":{"allow":["GET"]}}],"collection":[{"href":"https:\/\/www.ff-kolkwitz.de\/index.php?rest_route=\/wp\/v2\/pages"}],"about":[{"href":"https:\/\/www.ff-kolkwitz.de\/index.php?rest_route=\/wp\/v2\/types\/page"}],"author":[{"embeddable":true,"href":"https:\/\/www.ff-kolkwitz.de\/index.php?rest_route=\/wp\/v2\/users\/1"}],"replies":[{"embeddable":true,"href":"https:\/\/www.ff-kolkwitz.de\/index.php?rest_route=%2Fwp%2Fv2%2Fcomments&post=3857"}],"version-history":[{"count":2,"href":"https:\/\/www.ff-kolkwitz.de\/index.php?rest_route=\/wp\/v2\/pages\/3857\/revisions"}],"predecessor-version":[{"id":3860,"href":"https:\/\/www.ff-kolkwitz.de\/index.php?rest_route=\/wp\/v2\/pages\/3857\/revisions\/3860"}],"up":[{"embeddable":true,"href":"https:\/\/www.ff-kolkwitz.de\/index.php?rest_route=\/wp\/v2\/pages\/13"}],"wp:featuredmedia":[{"embeddable":true,"href":"https:\/\/www.ff-kolkwitz.de\/index.php?rest_route=\/wp\/v2\/media\/3681"}],"wp:attachment":[{"href":"https:\/\/www.ff-kolkwitz.de\/index.php?rest_route=%2Fwp%2Fv2%2Fmedia&parent=3857"}],"curies":[{"name":"wp","href":"https:\/\/api.w.org\/{rel}","templated":true}]}}