{"id":4687,"date":"2024-10-04T18:49:44","date_gmt":"2024-10-04T16:49:44","guid":{"rendered":"https:\/\/www.ff-kolkwitz.de\/?page_id=4687"},"modified":"2024-10-13T20:11:58","modified_gmt":"2024-10-13T18:11:58","slug":"feldkueche","status":"publish","type":"page","link":"https:\/\/www.ff-kolkwitz.de\/?page_id=4687","title":{"rendered":"Feldk\u00fcche"},"content":{"rendered":"<p>Ein Fahrzeug, dass man zwar selten an der Einsatzstelle sieht, aber auf keiner Veranstaltung der Feuerwehr Kolkwitz fehlen darf. Egal ob Maibaumstellen oder Oktoberfest: In den Kesseln der Feldk\u00fcche dampfen Erbsensuppe, Bockw\u00fcrste und Gulasch. Nat\u00fcrlich handgemacht.<\/p>\n<div id='gallery-1' class='gallery galleryid-4687 gallery-columns-2 gallery-size-thumbnail'><figure class='gallery-item'>\n\t\t\t<div class='gallery-icon portrait'>\n\t\t\t\t<a href='https:\/\/www.ff-kolkwitz.de\/wp-content\/uploads\/2024\/10\/Feldkueche03.jpg' rel=\"lightbox[4687]\"><img loading=\"lazy\" decoding=\"async\" width=\"250\" height=\"141\" src=\"https:\/\/www.ff-kolkwitz.de\/wp-content\/uploads\/2024\/10\/Feldkueche03-250x141.jpg\" class=\"attachment-thumbnail size-thumbnail\" alt=\"\" aria-describedby=\"gallery-1-4688\" srcset=\"https:\/\/www.ff-kolkwitz.de\/wp-content\/uploads\/2024\/10\/Feldkueche03-250x141.jpg 250w, https:\/\/www.ff-kolkwitz.de\/wp-content\/uploads\/2024\/10\/Feldkueche03-850x478.jpg 850w, https:\/\/www.ff-kolkwitz.de\/wp-content\/uploads\/2024\/10\/Feldkueche03-1200x675.jpg 1200w\" sizes=\"auto, (max-width: 250px) 100vw, 250px\" \/><\/a>\n\t\t\t<\/div>\n\t\t\t\t<figcaption class='wp-caption-text gallery-caption' id='gallery-1-4688'>\n\t\t\t\tSie gl\u00e4nzt&#8230;\n\t\t\t\t<\/figcaption><\/figure><figure class='gallery-item'>\n\t\t\t<div class='gallery-icon portrait'>\n\t\t\t\t<a href='https:\/\/www.ff-kolkwitz.de\/wp-content\/uploads\/2024\/10\/Feldkueche01.jpg' rel=\"lightbox[4687]\"><img loading=\"lazy\" decoding=\"async\" width=\"250\" height=\"141\" src=\"https:\/\/www.ff-kolkwitz.de\/wp-content\/uploads\/2024\/10\/Feldkueche01-250x141.jpg\" class=\"attachment-thumbnail size-thumbnail\" alt=\"\" aria-describedby=\"gallery-1-4690\" srcset=\"https:\/\/www.ff-kolkwitz.de\/wp-content\/uploads\/2024\/10\/Feldkueche01-250x141.jpg 250w, https:\/\/www.ff-kolkwitz.de\/wp-content\/uploads\/2024\/10\/Feldkueche01-850x478.jpg 850w, https:\/\/www.ff-kolkwitz.de\/wp-content\/uploads\/2024\/10\/Feldkueche01-1200x675.jpg 1200w\" sizes=\"auto, (max-width: 250px) 100vw, 250px\" \/><\/a>\n\t\t\t<\/div>\n\t\t\t\t<figcaption class='wp-caption-text gallery-caption' id='gallery-1-4690'>\n\t\t\t\t&#8230;und strahlt\n\t\t\t\t<\/figcaption><\/figure>\n\t\t<\/div>\n\n<table>\n<tbody>\n<tr>\n<td><strong>Feldk\u00fcche Typ FK\u00dc 180\/72<br \/>\n<\/strong><\/td>\n<\/tr>\n<tr>\n<td><strong><strong>Indienststellung:<\/strong><\/strong><\/p>\n<div>11.10.1978 bei der VP-Bereitschaft Cottbus<\/div>\n<div>seitdem Begleitheft gepflegt<\/div>\n<\/td>\n<\/tr>\n<tr>\n<td>\n<div>Seit 10.08.1990 Feuerwehr Kolkwitz ( E. P\u00f6the )<\/div>\n<\/td>\n<\/tr>\n<tr>\n<td><strong>Neulackierungen:<\/strong><\/p>\n<div>1. Am 28.02.1981 unter VP<\/div>\n<div>2. Am 02.08.1995 unter E. P\u00f6the<\/div>\n<div>3. Am 29.04.2015 unter D. Koal<\/div>\n<\/td>\n<\/tr>\n<tr>\n<td><strong>Kessel:<\/strong><\/p>\n<div>Speisekessel 175 l &#8211; Anheitszeit 75 Minuten<\/div>\n<div>Kaffeekessel 70 l &#8211; Anheitszeit 60 Minuten<\/div>\n<div>Bratkessel 35 l &#8211; Anheitszeit 45 Minuten<\/div>\n<\/td>\n<\/tr>\n<\/tbody>\n<\/table>\n","protected":false},"excerpt":{"rendered":"<p>Ein Fahrzeug, dass man zwar selten an der Einsatzstelle sieht, aber auf keiner Veranstaltung der [&hellip;]<\/p>\n","protected":false},"author":1,"featured_media":4689,"parent":13,"menu_order":111,"comment_status":"closed","ping_status":"closed","template":"","meta":{"_mc_calendar":[],"footnotes":""},"class_list":["post-4687","page","type-page","status-publish","has-post-thumbnail","hentry"],"_links":{"self":[{"href":"https:\/\/www.ff-kolkwitz.de\/index.php?rest_route=\/wp\/v2\/pages\/4687","targetHints":{"allow":["GET"]}}],"collection":[{"href":"https:\/\/www.ff-kolkwitz.de\/index.php?rest_route=\/wp\/v2\/pages"}],"about":[{"href":"https:\/\/www.ff-kolkwitz.de\/index.php?rest_route=\/wp\/v2\/types\/page"}],"author":[{"embeddable":true,"href":"https:\/\/www.ff-kolkwitz.de\/index.php?rest_route=\/wp\/v2\/users\/1"}],"replies":[{"embeddable":true,"href":"https:\/\/www.ff-kolkwitz.de\/index.php?rest_route=%2Fwp%2Fv2%2Fcomments&post=4687"}],"version-history":[{"count":3,"href":"https:\/\/www.ff-kolkwitz.de\/index.php?rest_route=\/wp\/v2\/pages\/4687\/revisions"}],"predecessor-version":[{"id":4699,"href":"https:\/\/www.ff-kolkwitz.de\/index.php?rest_route=\/wp\/v2\/pages\/4687\/revisions\/4699"}],"up":[{"embeddable":true,"href":"https:\/\/www.ff-kolkwitz.de\/index.php?rest_route=\/wp\/v2\/pages\/13"}],"wp:featuredmedia":[{"embeddable":true,"href":"https:\/\/www.ff-kolkwitz.de\/index.php?rest_route=\/wp\/v2\/media\/4689"}],"wp:attachment":[{"href":"https:\/\/www.ff-kolkwitz.de\/index.php?rest_route=%2Fwp%2Fv2%2Fmedia&parent=4687"}],"curies":[{"name":"wp","href":"https:\/\/api.w.org\/{rel}","templated":true}]}}