{"id":523,"date":"2017-07-23T21:27:13","date_gmt":"2017-07-23T19:27:13","guid":{"rendered":"http:\/\/www.ff-kolkwitz.de\/?page_id=523"},"modified":"2019-09-24T20:31:05","modified_gmt":"2019-09-24T18:31:05","slug":"frauen","status":"publish","type":"page","link":"https:\/\/www.ff-kolkwitz.de\/?page_id=523","title":{"rendered":"Frauen"},"content":{"rendered":"<p>Nat\u00fcrlich haben wir auch Frauen in der aktiven Feuerwehr, davon mehrere in F\u00fchrungspositionen.<\/p>\n<p>Das war schon immer so und deshalb sind viele unserer ehemals aktiven Kameradinnen auch weiterhin der Feuerwehr treu geblieben. Das ist der eine Teil unserer Frauenabteilung.<\/p>\n<p>Wer einen Feuerwehrmann heiratet, der heiratet die Feuerwehr gleich mit und deshalb wollen sich auch viele Partnerinnen unserer M\u00e4nner bei der Feuerwehr engagieren, allerdings ohne sich direkt in Eins\u00e4tze zu st\u00fcrzen. Das ist der andere Teil unserer Frauenabeilung.<\/p>\n<p>Zusammen ergeben sie eine starke Mischung, ohne die unsere Feuerwehr vermutlich deutlich weniger zum gesellschaftlichen Leben in der Gemeinde beitragen k\u00f6nnte.<\/p>\n<p>Was macht die Frauenabteilung?<\/p>\n<ul>\n<li>Weiterbildung in feuerwehrbezogenen Themen<\/li>\n<li>regelm\u00e4\u00dfige Schulungen<\/li>\n<li>Vorbereitung von Festen<\/li>\n<li>Ausschank und Kuchenbasar beim Oktoberfest \/ Maibaumstellen<\/li>\n<li>Kinderangebote bei Feiern<\/li>\n<li>Flechten von Hochzeits-, Maibaum- oder Jubil\u00e4umskr\u00e4nzen<\/li>\n<li>Gegenseitiger Austausch<\/li>\n<\/ul>\n<p>Unsere Frauenabteilung trifft sich jeden letzten Mittwoch im Monat zur Schulung. Die Termine finden Sie auch in unserem <a title=\"Termine\" href=\"https:\/\/www.ff-kolkwitz.de\/?page_id=78\">Terminkalender<\/a><\/p>\n<p>Kontakt:<\/p>\n<p><a href=\"https:\/\/www.ff-kolkwitz.de\/wp-content\/uploads\/2015\/02\/Monika_Dubrau.jpg\" rel=\"lightbox[523]\"><img loading=\"lazy\" decoding=\"async\" class=\" wp-image-141 size-thumbnail alignleft\" src=\"https:\/\/www.ff-kolkwitz.de\/wp-content\/uploads\/2015\/02\/Monika_Dubrau-150x150.jpg\" alt=\"Monika_Dubrau\" width=\"150\" height=\"150\" srcset=\"https:\/\/www.ff-kolkwitz.de\/wp-content\/uploads\/2015\/02\/Monika_Dubrau-150x150.jpg 150w, https:\/\/www.ff-kolkwitz.de\/wp-content\/uploads\/2015\/02\/Monika_Dubrau-300x300.jpg 300w, https:\/\/www.ff-kolkwitz.de\/wp-content\/uploads\/2015\/02\/Monika_Dubrau-1024x1024.jpg 1024w, https:\/\/www.ff-kolkwitz.de\/wp-content\/uploads\/2015\/02\/Monika_Dubrau.jpg 2000w\" sizes=\"auto, (max-width: 150px) 100vw, 150px\" \/><\/a>\u00a0 <strong>Monika Dubrau<\/strong><\/p>\n<p>frauen[at]ff-kolkwitz.de<\/p>\n","protected":false},"excerpt":{"rendered":"<p>Nat\u00fcrlich haben wir auch Frauen in der aktiven Feuerwehr, davon mehrere in F\u00fchrungspositionen. Das war [&hellip;]<\/p>\n","protected":false},"author":1,"featured_media":2806,"parent":2,"menu_order":4,"comment_status":"open","ping_status":"open","template":"","meta":{"_mc_calendar":[],"footnotes":""},"class_list":["post-523","page","type-page","status-publish","has-post-thumbnail","hentry"],"_links":{"self":[{"href":"https:\/\/www.ff-kolkwitz.de\/index.php?rest_route=\/wp\/v2\/pages\/523","targetHints":{"allow":["GET"]}}],"collection":[{"href":"https:\/\/www.ff-kolkwitz.de\/index.php?rest_route=\/wp\/v2\/pages"}],"about":[{"href":"https:\/\/www.ff-kolkwitz.de\/index.php?rest_route=\/wp\/v2\/types\/page"}],"author":[{"embeddable":true,"href":"https:\/\/www.ff-kolkwitz.de\/index.php?rest_route=\/wp\/v2\/users\/1"}],"replies":[{"embeddable":true,"href":"https:\/\/www.ff-kolkwitz.de\/index.php?rest_route=%2Fwp%2Fv2%2Fcomments&post=523"}],"version-history":[{"count":3,"href":"https:\/\/www.ff-kolkwitz.de\/index.php?rest_route=\/wp\/v2\/pages\/523\/revisions"}],"predecessor-version":[{"id":1580,"href":"https:\/\/www.ff-kolkwitz.de\/index.php?rest_route=\/wp\/v2\/pages\/523\/revisions\/1580"}],"up":[{"embeddable":true,"href":"https:\/\/www.ff-kolkwitz.de\/index.php?rest_route=\/wp\/v2\/pages\/2"}],"wp:featuredmedia":[{"embeddable":true,"href":"https:\/\/www.ff-kolkwitz.de\/index.php?rest_route=\/wp\/v2\/media\/2806"}],"wp:attachment":[{"href":"https:\/\/www.ff-kolkwitz.de\/index.php?rest_route=%2Fwp%2Fv2%2Fmedia&parent=523"}],"curies":[{"name":"wp","href":"https:\/\/api.w.org\/{rel}","templated":true}]}}