{"id":879,"date":"2015-11-21T21:04:59","date_gmt":"2015-11-21T19:04:59","guid":{"rendered":"http:\/\/www.ff-kolkwitz.de\/?page_id=879"},"modified":"2015-11-21T21:04:59","modified_gmt":"2015-11-21T19:04:59","slug":"sicher-durch-den-advent","status":"publish","type":"page","link":"https:\/\/www.ff-kolkwitz.de\/?page_id=879","title":{"rendered":"Sicher durch den Advent"},"content":{"rendered":"<p class=\"bodytext\"><a href=\"https:\/\/openclipart.org\/detail\/218441\/candle-burning\"><img loading=\"lazy\" decoding=\"async\" class=\"alignleft\" src=\"https:\/\/openclipart.org\/download\/218441\/candle-burning.svg\" alt=\"\" width=\"225\" height=\"169\" \/><\/a>Gem\u00fctliche Abende mit Pl\u00e4tzchen und Kerzenschein: Die Adventszeit ist f\u00fcr viele Menschen eine Zeit der Besinnlichkeit. Damit diese nicht durch Br\u00e4nde \u00fcberschattet wird, die durch Unachtsamkeit ausgel\u00f6st wurden, mahnt der Deutsche Feuerwehrverband zum sorgsamen Umgang mit Kerzen. Dadurch k\u00f6nnten zahlreiche Feuerwehreins\u00e4tze in der dunklen Jahreszeit vermieden werden.<\/p>\n<p><strong>Neun einfache Tipps der Feuerwehr helfen, Br\u00e4nde zu verhindern:<\/strong><\/p>\n<ul>\n<li>Stellen Sie Kerzen nicht in der N\u00e4he von brennbaren Gegenst\u00e4nden (Geschenkpapier, Vorhang) oder an einem Ort mit starker Zugluft auf.<\/li>\n<li>Kerzen geh\u00f6ren immer in eine standfeste, nicht brennbare Halterung, an die Kinder nicht gelangen k\u00f6nnen.<\/li>\n<li>Lassen Sie Kerzen niemals unbeaufsichtigt brennen \u2013 vor allem nicht, wenn Kinder dabei sind. Unachtsamkeit ist die Brandursache Nummer eins!<\/li>\n<li>Auch wenn man sie h\u00e4ufiger als sonst verwendet und griffbereit haben m\u00f6chte: Bewahren Sie Streichh\u00f6lzer und Feuerzeuge an einem kindersicheren Platz auf.<\/li>\n<li>L\u00f6schen Sie Kerzen an Adventskr\u00e4nzen und Gestecken rechtzeitig, bevor sie heruntergebrannt sind: Tannengr\u00fcn trocknet mit der Zeit aus und wird zur Brandgefahr.<\/li>\n<li>Achten Sie bei elektrischen Lichterketten darauf, dass Steckdosen nicht \u00fcberlastet werden. Die elektrischen Kerzen sollten ein Pr\u00fcfsiegel tragen, das den VDE-Bestimmungen entspricht.<\/li>\n<li>Wenn Sie echte Kerzen entz\u00fcnden, stellen Sie ein entsprechendes L\u00f6schmittel (Wassereimer, Feuerl\u00f6scher, Feuerl\u00f6schspray) bereit.<\/li>\n<li>Wenn es brennt, versuchen Sie nur dann die Flammen zu l\u00f6schen, wenn dies ohne Eigengef\u00e4hrdung m\u00f6glich ist. Ansonsten schlie\u00dfen Sie m\u00f6glichst die T\u00fcr zum Brandraum, verlassen (mit Ihrer Familie) die Wohnung und alarmieren die Feuerwehr mit dem Notruf 112.<\/li>\n<li>Rauchwarnmelder in der Wohnung verringern das Risiko der unbemerkten Brandausbreitung enorm, indem sie rechtzeitig Alarm geben. Die kleinen Lebensretter gibt es g\u00fcnstig im Fachhandel oder beim <a href=\"http:\/\/www.feuerwehrversand.de\" target=\"_blank\">Versandhaus des Deutschen Feuerwehrverbandes<\/a>\u00a0 \u2013 \u00fcbrigens passen sie perfekt als Geschenk auf den Gabentisch!<\/li>\n<\/ul>\n<p>Quelle: <a href=\"http:\/\/www.feuerwehrverband.de\" target=\"_blank\">Deutscher Feuerwehrverband<\/a><\/p>\n","protected":false},"excerpt":{"rendered":"<p>Gem\u00fctliche Abende mit Pl\u00e4tzchen und Kerzenschein: Die Adventszeit ist f\u00fcr viele Menschen eine Zeit der [&hellip;]<\/p>\n","protected":false},"author":1,"featured_media":0,"parent":115,"menu_order":0,"comment_status":"closed","ping_status":"closed","template":"","meta":{"_mc_calendar":[],"footnotes":""},"class_list":["post-879","page","type-page","status-publish","hentry"],"_links":{"self":[{"href":"https:\/\/www.ff-kolkwitz.de\/index.php?rest_route=\/wp\/v2\/pages\/879","targetHints":{"allow":["GET"]}}],"collection":[{"href":"https:\/\/www.ff-kolkwitz.de\/index.php?rest_route=\/wp\/v2\/pages"}],"about":[{"href":"https:\/\/www.ff-kolkwitz.de\/index.php?rest_route=\/wp\/v2\/types\/page"}],"author":[{"embeddable":true,"href":"https:\/\/www.ff-kolkwitz.de\/index.php?rest_route=\/wp\/v2\/users\/1"}],"replies":[{"embeddable":true,"href":"https:\/\/www.ff-kolkwitz.de\/index.php?rest_route=%2Fwp%2Fv2%2Fcomments&post=879"}],"version-history":[{"count":1,"href":"https:\/\/www.ff-kolkwitz.de\/index.php?rest_route=\/wp\/v2\/pages\/879\/revisions"}],"predecessor-version":[{"id":880,"href":"https:\/\/www.ff-kolkwitz.de\/index.php?rest_route=\/wp\/v2\/pages\/879\/revisions\/880"}],"up":[{"embeddable":true,"href":"https:\/\/www.ff-kolkwitz.de\/index.php?rest_route=\/wp\/v2\/pages\/115"}],"wp:attachment":[{"href":"https:\/\/www.ff-kolkwitz.de\/index.php?rest_route=%2Fwp%2Fv2%2Fmedia&parent=879"}],"curies":[{"name":"wp","href":"https:\/\/api.w.org\/{rel}","templated":true}]}}